{"id":1037,"date":"2019-02-13T13:10:30","date_gmt":"2019-02-13T13:10:30","guid":{"rendered":"http:\/\/medinamedia.es\/?page_id=1037"},"modified":"2020-03-17T16:09:14","modified_gmt":"2020-03-17T16:09:14","slug":"ricardo-medina","status":"publish","type":"page","link":"https:\/\/medinamedia.es\/en\/ricardo-medina\/","title":{"rendered":"Ricardo Medina"},"content":{"rendered":"<h4 style=\"text-align: center;\"><span style=\"color: #ff9900;\"><a style=\"color: #ff9900;\" href=\"http:\/\/medinamedia.es\/web\/wp-content\/uploads\/2018\/06\/PROFILE-RICARDO-MEDINA-2018.pdf\" target=\"_blank\" rel=\"noopener noreferrer\">VIEW PROFILE<\/a><\/span><\/h4>\n<p>&nbsp;<\/p>\n<ul>\n<li>Ricardo Medina (Madrid, 1958) holds a degree in Information Sciences (Journalism Section) from the Complutense University of Madrid.<\/li>\n<\/ul>\n<ul>\n<li style=\"list-style-type: none;\">\n<ul>\n<li>He was part of the first class of Journalism (1980) of the Centro de Estudios Universitarios (CEU), in Madrid, where he obtained <strong>number 1<\/strong>.<\/li>\n<\/ul>\n<\/li>\n<\/ul>\n<p>&nbsp;<\/p>\n<ul>\n<li style=\"list-style-type: none;\">\n<ul>\n<li>In 1980, at the age of 22, he was appointed <strong>Delegate of the Spanish News Agency EFE in El Salvador.<\/strong> There he began his experience of almost a decade as a <strong>war correspondent<\/strong>.<\/li>\n<\/ul>\n<\/li>\n<\/ul>\n<p>&nbsp;<\/p>\n<ul>\n<li style=\"list-style-type: none;\">\n<ul>\n<li>Later he also covered as a war correspondent the conflicts in <strong>Guatemala, Haiti, Rwanda, Sarajevo and the Gulf War<\/strong>, among others.<\/li>\n<\/ul>\n<\/li>\n<\/ul>\n<p>&nbsp;<\/p>\n<ul>\n<li style=\"list-style-type: none;\">\n<ul>\n<li>In July 1981 he was sent by EFE as a delegate to Guatemala, a country with which Spain had broken off relations due to the massacre of more than 30 peasants who had taken refuge in the Spanish embassy.<\/li>\n<\/ul>\n<\/li>\n<\/ul>\n<p>&nbsp;<\/p>\n<ul>\n<li style=\"list-style-type: none;\">\n<ul>\n<li>In 1983, after covering the arrival in Spain of Felipe Gonz\u00e1lez, he was appointed <strong>EFE correspondent in Mexico.<\/strong><\/li>\n<\/ul>\n<\/li>\n<\/ul>\n<p>&nbsp;<\/p>\n<ul>\n<li style=\"list-style-type: none;\">\n<ul>\n<li>In 1985 he was appointed <strong>Director of the Delegation of the EFE Agency in the Caribbean<\/strong>, with headquarters in Puerto Rico, on the eve of the first visit of the King and Queen of Spain to the island.<\/li>\n<\/ul>\n<\/li>\n<\/ul>\n<p>&nbsp;<\/p>\n<ul>\n<li style=\"list-style-type: none;\">\n<ul>\n<li><strong>In Puerto Rico, he created EFE&#8217;s local news service<\/strong>, as an alternative to the ones that the UPI and Associated Press agencies already had, and increased the delegation&#8217;s economic income by 75 percent.<\/li>\n<\/ul>\n<\/li>\n<\/ul>\n<p>&nbsp;<\/p>\n<ul>\n<li style=\"list-style-type: none;\">\n<ul>\n<li>The book &#8220;Historia de la Agencia EFE&#8221; (Espasa, 1997, p. 596), in the chapter dedicated to &#8220;Modernizaci\u00f3n y Austeridad&#8221;, highlights Ricardo Medina&#8217;s &#8220;entrepreneurial and journalistic spirit&#8221;. And he adds: <strong>&#8220;Whenever there is a problem somewhere, Ricardo Medina, who in the power station begins to call the &#8220;fire extinguisher&#8221;, is sent to solve it&#8221;<\/strong>.<\/li>\n<\/ul>\n<\/li>\n<\/ul>\n<p>&nbsp;<\/p>\n<ul>\n<li style=\"list-style-type: none;\">\n<ul>\n<li>In 1987 Medina finished his time at EFE to embark on the project of Canal 24 (All News Channel) in Puerto Rico, as <strong>News Director<\/strong>.<\/li>\n<\/ul>\n<\/li>\n<\/ul>\n<p>&nbsp;<\/p>\n<ul>\n<li style=\"list-style-type: none;\">\n<ul>\n<li><strong>This is his first approach to television, a field of communication in which he continues to work after 30 years.<\/strong><\/li>\n<\/ul>\n<\/li>\n<\/ul>\n<p>&nbsp;<\/p>\n<ul>\n<li style=\"list-style-type: none;\">\n<ul>\n<li>In 1989, after nine years in America, he returned to Spain and joined the <strong>founding team of Telemadrid<\/strong>.<\/li>\n<\/ul>\n<\/li>\n<\/ul>\n<p>&nbsp;<\/p>\n<ul>\n<li style=\"list-style-type: none;\">\n<ul>\n<li><strong>As General Coordinator (Executive Producer) of Telemadrid News<\/strong>, and thanks to his American experience, he is in charge of the organization and implementation of all its editions (with Vicente Vall\u00e9s, Hilario Pino, Ferm\u00edn Bocos, among others), and directs the special programs (General Elections, Berlin Wall, Reunification of Germany, etc.).<\/li>\n<\/ul>\n<\/li>\n<\/ul>\n<p>&nbsp;<\/p>\n<ul>\n<li style=\"list-style-type: none;\">\n<ul>\n<li>In 1993<strong> he created his first program: Madrid Directo<\/strong>. Inspired by the concept of local information from US televisions, Madrid Directo won the Ondas Award in 1997 and continues to be broadcast more than 24 years later.<\/li>\n<\/ul>\n<\/li>\n<\/ul>\n<p>&nbsp;<\/p>\n<ul>\n<li style=\"list-style-type: none;\">\n<ul>\n<li><strong>Madrid Directo<\/strong> became Telemadrid&#8217;s flagship. The format became a television genre and <strong>was adapted to all regional televisions<\/strong> in Spain, among others Andalusia, with Andalusia Directo, which is now 20 years old.<\/li>\n<\/ul>\n<\/li>\n<\/ul>\n<p>&nbsp;<\/p>\n<ul>\n<li style=\"list-style-type: none;\">\n<ul>\n<li>In 1994 he was appointed <strong>General Coordinator (Executive Producer) of Informativos Telecinco<\/strong>.That same year he was sent by Telemundo and Telecinco to cover the Rwandan tragedy as a war correspondent, and his series of <strong>reports were nominated for the Emmy.<\/strong><\/li>\n<\/ul>\n<\/li>\n<\/ul>\n<p>&nbsp;<\/p>\n<ul>\n<li style=\"list-style-type: none;\">\n<ul>\n<li>In 1996 he returned to Telemadrid as <strong>Head of Sports<\/strong>, a position in which he remained for five years.<\/li>\n<\/ul>\n<\/li>\n<\/ul>\n<p>&nbsp;<\/p>\n<ul>\n<li style=\"list-style-type: none;\">\n<ul>\n<li>In 1999 he designed and started as director the Master of Television of the Complutense University of Madrid and Telemadrid.<\/li>\n<\/ul>\n<\/li>\n<\/ul>\n<p>&nbsp;<\/p>\n<ul>\n<li style=\"list-style-type: none;\">\n<ul>\n<li>In 2001 he left Telemadrid and launched Canal Metro Madrid, of which he was its first <strong>General Manager.<\/strong><\/li>\n<\/ul>\n<\/li>\n<\/ul>\n<p>&nbsp;<\/p>\n<ul>\n<li style=\"list-style-type: none;\">\n<ul>\n<li>In 2003, Ricardo Medina moved professionally to Andalusia and in 2004 he took the leap to form his own production company: Medina Media.<\/li>\n<\/ul>\n<\/li>\n<\/ul>\n<p>&nbsp;<\/p>\n<ul>\n<li>Today the &#8220;Medina Media Group&#8221; is made up:\n<ul>\n<li>Medina Media<\/li>\n<li>MMConsulting<\/li>\n<li>MMAndaluc\u00eda<\/li>\n<li>MMEvents<\/li>\n<\/ul>\n<\/li>\n<\/ul>\n<ul>\n<li style=\"list-style-type: none;\">\n<ul>\n<li>With Medina Media, Ricardo Medina started his business project, creating from his production company the most popular daily live formats in public television in Spain, such as the emblematic <strong>Espa\u00f1a Directo<\/strong> and <strong>La Ma\u00f1ana de La1<\/strong>, both in La1 of Televisi\u00f3n Espa\u00f1ola.<\/li>\n<\/ul>\n<\/li>\n<\/ul>\n<p>&nbsp;<\/p>\n<ul>\n<li style=\"list-style-type: none;\">\n<ul>\n<li>Antena 3&#8217;s 3D magazine was also another of his television sons.<\/li>\n<\/ul>\n<\/li>\n<\/ul>\n<p>&nbsp;<\/p>\n<ul>\n<li style=\"list-style-type: none;\">\n<ul>\n<li>In addition, for more than a decade he has been the Executive Producer of debates on Canal Sur (Mejor lo Hablamos, @Debate, Pido la Palabra and \u00bfY t\u00fa opinas?) and travel programmes, such as <strong>Andaluces por el Mundo, Andaluces por Europa, Andaluces por Espa\u00f1a and currently Andaluces por Am\u00e9rica<\/strong>.<\/li>\n<\/ul>\n<\/li>\n<\/ul>\n<p>&nbsp;<\/p>\n<ul>\n<li style=\"list-style-type: none;\">\n<ul>\n<li>In Aragon TV also launched the same format of trips, under the name of <strong>Aragoneses por el Mundo<\/strong>. In addition, he directed and produced in Arag\u00f3n TV <strong>Aqu\u00ed un Amigo<\/strong>, the Prime Time interview program, presented by Luis del Val.<\/li>\n<\/ul>\n<\/li>\n<\/ul>\n<p>&nbsp;<\/p>\n<ul>\n<li style=\"list-style-type: none;\">\n<ul>\n<li>It has also been a pioneer in introducing Branded Content on Spanish Television, with programmes such as <strong>El Alma de las Empresas<\/strong> and <strong>Conectando Espa\u00f1a<\/strong>, sponsored by Vodafone, for which it received the EUROBEST 2012 bronze award in the category of advertising creativity at European level.<\/li>\n<\/ul>\n<\/li>\n<\/ul>\n<p>&nbsp;<\/p>\n<ul>\n<li style=\"list-style-type: none;\">\n<ul>\n<li>Since 2014 it has been producing for <strong>Movistar Emoci\u00f3n<\/strong>, through the multinational OnMobile, its general news, sports, women and health content websites.<\/li>\n<\/ul>\n<\/li>\n<\/ul>\n<p>&nbsp;<\/p>\n<ul>\n<li style=\"list-style-type: none;\">\n<ul>\n<li>In 2014 he starts his first <strong>productions in 4K\/Ultra Alta Definici\u00f3n<\/strong>, with the <strong>series El Chef del Mar and Flamenco Andaluc\u00eda<\/strong>. This makes Medina Media the reference producer of 4K-UHD in Spain, and one of the most important in Europe in this new technology.<\/li>\n<\/ul>\n<\/li>\n<\/ul>\n<p>&nbsp;<\/p>\n<ul>\n<li style=\"list-style-type: none;\">\n<ul>\n<li>He has produced <strong>4K-UHD documentaries<\/strong> about El Carnaval de C\u00e1diz, La Semana Santa de Andaluc\u00eda, El Roc\u00edo and others about the new digital era such as Andaluc\u00eda Centro Mundial del 4K and Andaluc\u00eda, at the forefront of new technologies.<\/li>\n<\/ul>\n<\/li>\n<\/ul>\n<p>&nbsp;<\/p>\n<ul>\n<li style=\"list-style-type: none;\">\n<ul>\n<li>In 2015 Ricardo Medina organizes the first world summit of 4K-UHD, which unites technology and content. This 4K <strong>Summit,<\/strong> held in November, brings together experts, companies and attendees from more than 20 countries. In 2018 it will celebrate its fourth edition.<\/li>\n<\/ul>\n<\/li>\n<\/ul>\n<p>&nbsp;<\/p>\n<ul>\n<li style=\"list-style-type: none;\">\n<ul>\n<li>En 2017 puso en marcha otro evento tecnol\u00f3gico, el primer Observatorio de Realidad Virtual\/Aumentada\/Mixta y 360\u00ba.\u00a0In 2017 it launched another technological event, the first Virtual\/Augmented\/Mixed Reality Observatory and 360\u00ba.<\/li>\n<\/ul>\n<\/li>\n<\/ul>\n<p>&nbsp;<\/p>\n<ul>\n<li style=\"list-style-type: none;\">\n<ul>\n<li>It is currently producing Monday&#8217;s Prime Time for Canal Sur with the Andaluces por Espa\u00f1a programme, the fourth series of which will be broadcast in the first quarter of 2018.<\/li>\n<\/ul>\n<\/li>\n<\/ul>\n<p>&nbsp;<\/p>\n<ul>\n<li style=\"list-style-type: none;\">\n<ul>\n<li>In 2017, Ricardo Medina made the first Discovery production in Spain for his Eurosport channel, <strong>Rumbo a Pyeongchang<\/strong>, about the Spanish athletes who will participate in the 2018 Korean Winter Olympic Games.<\/li>\n<\/ul>\n<\/li>\n<\/ul>\n<p>&nbsp;<\/p>\n<ul>\n<li><strong>The writer Luis del Val, author of the book &#8220;Estamos dentro&#8221; (Espasa, 2010, p. 7), which deals with the world of television in Spain, dedicated his work to Ricardo Medina in block letters: &#8220;A Ricardo Medina, que mantiene los zapatos limpios&#8221;.<br \/>\n<\/strong><\/li>\n<\/ul>\n","protected":false},"excerpt":{"rendered":"<p>VIEW PROFILE &nbsp; Ricardo Medina (Madrid, 1958) holds a degree in Information Sciences (Journalism Section) from the Complutense University of Madrid. He was part of the first class of Journalism (1980) of the Centro de Estudios Universitarios (CEU), in Madrid, where he obtained number 1. &nbsp; In 1980, at the age of 22, he was [&hellip;]<\/p>\n","protected":false},"author":2,"featured_media":1127,"parent":0,"menu_order":0,"comment_status":"closed","ping_status":"closed","template":"","meta":{"_acf_changed":false,"footnotes":""},"categories":[],"tags":[],"class_list":["post-1037","page","type-page","status-publish","has-post-thumbnail","hentry"],"acf":[],"yoast_head":"<!-- This site is optimized with the Yoast SEO plugin v27.4 - https:\/\/yoast.com\/product\/yoast-seo-wordpress\/ -->\n<title>Ricardo Medina - Medina Media<\/title>\n<meta name=\"robots\" content=\"index, follow, max-snippet:-1, max-image-preview:large, max-video-preview:-1\" \/>\n<link rel=\"canonical\" href=\"https:\/\/medinamedia.es\/en\/ricardo-medina\/\" \/>\n<meta property=\"og:locale\" content=\"en_US\" \/>\n<meta property=\"og:type\" content=\"article\" \/>\n<meta property=\"og:title\" content=\"Ricardo Medina - Medina Media\" \/>\n<meta property=\"og:description\" content=\"VIEW PROFILE &nbsp; Ricardo Medina (Madrid, 1958) holds a degree in Information Sciences (Journalism Section) from the Complutense University of Madrid. He was part of the first class of Journalism (1980) of the Centro de Estudios Universitarios (CEU), in Madrid, where he obtained number 1. &nbsp; In 1980, at the age of 22, he was [&hellip;]\" \/>\n<meta property=\"og:url\" content=\"https:\/\/medinamedia.es\/en\/ricardo-medina\/\" \/>\n<meta property=\"og:site_name\" content=\"Medina Media\" \/>\n<meta property=\"article:modified_time\" content=\"2020-03-17T16:09:14+00:00\" \/>\n<meta property=\"og:image\" content=\"https:\/\/medinamedia.es\/web\/wp-content\/uploads\/2017\/06\/RICARDO.png\" \/>\n\t<meta property=\"og:image:width\" content=\"200\" \/>\n\t<meta property=\"og:image:height\" content=\"200\" \/>\n\t<meta property=\"og:image:type\" content=\"image\/png\" \/>\n<meta name=\"twitter:card\" content=\"summary_large_image\" \/>\n<meta name=\"twitter:label1\" content=\"Est. reading time\" \/>\n\t<meta name=\"twitter:data1\" content=\"5 minutes\" \/>\n<script type=\"application\/ld+json\" class=\"yoast-schema-graph\">{\"@context\":\"https:\\\/\\\/schema.org\",\"@graph\":[{\"@type\":\"WebPage\",\"@id\":\"https:\\\/\\\/medinamedia.es\\\/en\\\/ricardo-medina\\\/\",\"url\":\"https:\\\/\\\/medinamedia.es\\\/en\\\/ricardo-medina\\\/\",\"name\":\"Ricardo Medina - Medina Media\",\"isPartOf\":{\"@id\":\"https:\\\/\\\/medinamedia.es\\\/en\\\/#website\"},\"primaryImageOfPage\":{\"@id\":\"https:\\\/\\\/medinamedia.es\\\/en\\\/ricardo-medina\\\/#primaryimage\"},\"image\":{\"@id\":\"https:\\\/\\\/medinamedia.es\\\/en\\\/ricardo-medina\\\/#primaryimage\"},\"thumbnailUrl\":\"https:\\\/\\\/medinamedia.es\\\/web\\\/wp-content\\\/uploads\\\/2017\\\/06\\\/RICARDO.png\",\"datePublished\":\"2019-02-13T13:10:30+00:00\",\"dateModified\":\"2020-03-17T16:09:14+00:00\",\"breadcrumb\":{\"@id\":\"https:\\\/\\\/medinamedia.es\\\/en\\\/ricardo-medina\\\/#breadcrumb\"},\"inLanguage\":\"en-US\",\"potentialAction\":[{\"@type\":\"ReadAction\",\"target\":[\"https:\\\/\\\/medinamedia.es\\\/en\\\/ricardo-medina\\\/\"]}]},{\"@type\":\"ImageObject\",\"inLanguage\":\"en-US\",\"@id\":\"https:\\\/\\\/medinamedia.es\\\/en\\\/ricardo-medina\\\/#primaryimage\",\"url\":\"https:\\\/\\\/medinamedia.es\\\/web\\\/wp-content\\\/uploads\\\/2017\\\/06\\\/RICARDO.png\",\"contentUrl\":\"https:\\\/\\\/medinamedia.es\\\/web\\\/wp-content\\\/uploads\\\/2017\\\/06\\\/RICARDO.png\",\"width\":200,\"height\":200},{\"@type\":\"BreadcrumbList\",\"@id\":\"https:\\\/\\\/medinamedia.es\\\/en\\\/ricardo-medina\\\/#breadcrumb\",\"itemListElement\":[{\"@type\":\"ListItem\",\"position\":1,\"name\":\"Portada\",\"item\":\"https:\\\/\\\/medinamedia.es\\\/en\\\/\"},{\"@type\":\"ListItem\",\"position\":2,\"name\":\"Ricardo Medina\"}]},{\"@type\":\"WebSite\",\"@id\":\"https:\\\/\\\/medinamedia.es\\\/en\\\/#website\",\"url\":\"https:\\\/\\\/medinamedia.es\\\/en\\\/\",\"name\":\"Medina Media\",\"description\":\"\",\"publisher\":{\"@id\":\"https:\\\/\\\/medinamedia.es\\\/en\\\/#organization\"},\"potentialAction\":[{\"@type\":\"SearchAction\",\"target\":{\"@type\":\"EntryPoint\",\"urlTemplate\":\"https:\\\/\\\/medinamedia.es\\\/en\\\/?s={search_term_string}\"},\"query-input\":{\"@type\":\"PropertyValueSpecification\",\"valueRequired\":true,\"valueName\":\"search_term_string\"}}],\"inLanguage\":\"en-US\"},{\"@type\":\"Organization\",\"@id\":\"https:\\\/\\\/medinamedia.es\\\/en\\\/#organization\",\"name\":\"Medina Media\",\"url\":\"https:\\\/\\\/medinamedia.es\\\/en\\\/\",\"logo\":{\"@type\":\"ImageObject\",\"inLanguage\":\"en-US\",\"@id\":\"https:\\\/\\\/medinamedia.es\\\/en\\\/#\\\/schema\\\/logo\\\/image\\\/\",\"url\":\"https:\\\/\\\/medinamedia.es\\\/web\\\/wp-content\\\/uploads\\\/2017\\\/06\\\/medinamedia.png\",\"contentUrl\":\"https:\\\/\\\/medinamedia.es\\\/web\\\/wp-content\\\/uploads\\\/2017\\\/06\\\/medinamedia.png\",\"width\":548,\"height\":276,\"caption\":\"Medina Media\"},\"image\":{\"@id\":\"https:\\\/\\\/medinamedia.es\\\/en\\\/#\\\/schema\\\/logo\\\/image\\\/\"}}]}<\/script>\n<!-- \/ Yoast SEO plugin. -->","yoast_head_json":{"title":"Ricardo Medina - Medina Media","robots":{"index":"index","follow":"follow","max-snippet":"max-snippet:-1","max-image-preview":"max-image-preview:large","max-video-preview":"max-video-preview:-1"},"canonical":"https:\/\/medinamedia.es\/en\/ricardo-medina\/","og_locale":"en_US","og_type":"article","og_title":"Ricardo Medina - Medina Media","og_description":"VIEW PROFILE &nbsp; Ricardo Medina (Madrid, 1958) holds a degree in Information Sciences (Journalism Section) from the Complutense University of Madrid. He was part of the first class of Journalism (1980) of the Centro de Estudios Universitarios (CEU), in Madrid, where he obtained number 1. &nbsp; In 1980, at the age of 22, he was [&hellip;]","og_url":"https:\/\/medinamedia.es\/en\/ricardo-medina\/","og_site_name":"Medina Media","article_modified_time":"2020-03-17T16:09:14+00:00","og_image":[{"width":200,"height":200,"url":"https:\/\/medinamedia.es\/web\/wp-content\/uploads\/2017\/06\/RICARDO.png","type":"image\/png"}],"twitter_card":"summary_large_image","twitter_misc":{"Est. reading time":"5 minutes"},"schema":{"@context":"https:\/\/schema.org","@graph":[{"@type":"WebPage","@id":"https:\/\/medinamedia.es\/en\/ricardo-medina\/","url":"https:\/\/medinamedia.es\/en\/ricardo-medina\/","name":"Ricardo Medina - Medina Media","isPartOf":{"@id":"https:\/\/medinamedia.es\/en\/#website"},"primaryImageOfPage":{"@id":"https:\/\/medinamedia.es\/en\/ricardo-medina\/#primaryimage"},"image":{"@id":"https:\/\/medinamedia.es\/en\/ricardo-medina\/#primaryimage"},"thumbnailUrl":"https:\/\/medinamedia.es\/web\/wp-content\/uploads\/2017\/06\/RICARDO.png","datePublished":"2019-02-13T13:10:30+00:00","dateModified":"2020-03-17T16:09:14+00:00","breadcrumb":{"@id":"https:\/\/medinamedia.es\/en\/ricardo-medina\/#breadcrumb"},"inLanguage":"en-US","potentialAction":[{"@type":"ReadAction","target":["https:\/\/medinamedia.es\/en\/ricardo-medina\/"]}]},{"@type":"ImageObject","inLanguage":"en-US","@id":"https:\/\/medinamedia.es\/en\/ricardo-medina\/#primaryimage","url":"https:\/\/medinamedia.es\/web\/wp-content\/uploads\/2017\/06\/RICARDO.png","contentUrl":"https:\/\/medinamedia.es\/web\/wp-content\/uploads\/2017\/06\/RICARDO.png","width":200,"height":200},{"@type":"BreadcrumbList","@id":"https:\/\/medinamedia.es\/en\/ricardo-medina\/#breadcrumb","itemListElement":[{"@type":"ListItem","position":1,"name":"Portada","item":"https:\/\/medinamedia.es\/en\/"},{"@type":"ListItem","position":2,"name":"Ricardo Medina"}]},{"@type":"WebSite","@id":"https:\/\/medinamedia.es\/en\/#website","url":"https:\/\/medinamedia.es\/en\/","name":"Medina Media","description":"","publisher":{"@id":"https:\/\/medinamedia.es\/en\/#organization"},"potentialAction":[{"@type":"SearchAction","target":{"@type":"EntryPoint","urlTemplate":"https:\/\/medinamedia.es\/en\/?s={search_term_string}"},"query-input":{"@type":"PropertyValueSpecification","valueRequired":true,"valueName":"search_term_string"}}],"inLanguage":"en-US"},{"@type":"Organization","@id":"https:\/\/medinamedia.es\/en\/#organization","name":"Medina Media","url":"https:\/\/medinamedia.es\/en\/","logo":{"@type":"ImageObject","inLanguage":"en-US","@id":"https:\/\/medinamedia.es\/en\/#\/schema\/logo\/image\/","url":"https:\/\/medinamedia.es\/web\/wp-content\/uploads\/2017\/06\/medinamedia.png","contentUrl":"https:\/\/medinamedia.es\/web\/wp-content\/uploads\/2017\/06\/medinamedia.png","width":548,"height":276,"caption":"Medina Media"},"image":{"@id":"https:\/\/medinamedia.es\/en\/#\/schema\/logo\/image\/"}}]}},"_links":{"self":[{"href":"https:\/\/medinamedia.es\/en\/wp-json\/wp\/v2\/pages\/1037","targetHints":{"allow":["GET"]}}],"collection":[{"href":"https:\/\/medinamedia.es\/en\/wp-json\/wp\/v2\/pages"}],"about":[{"href":"https:\/\/medinamedia.es\/en\/wp-json\/wp\/v2\/types\/page"}],"author":[{"embeddable":true,"href":"https:\/\/medinamedia.es\/en\/wp-json\/wp\/v2\/users\/2"}],"replies":[{"embeddable":true,"href":"https:\/\/medinamedia.es\/en\/wp-json\/wp\/v2\/comments?post=1037"}],"version-history":[{"count":0,"href":"https:\/\/medinamedia.es\/en\/wp-json\/wp\/v2\/pages\/1037\/revisions"}],"wp:featuredmedia":[{"embeddable":true,"href":"https:\/\/medinamedia.es\/en\/wp-json\/wp\/v2\/media\/1127"}],"wp:attachment":[{"href":"https:\/\/medinamedia.es\/en\/wp-json\/wp\/v2\/media?parent=1037"}],"wp:term":[{"taxonomy":"category","embeddable":true,"href":"https:\/\/medinamedia.es\/en\/wp-json\/wp\/v2\/categories?post=1037"},{"taxonomy":"post_tag","embeddable":true,"href":"https:\/\/medinamedia.es\/en\/wp-json\/wp\/v2\/tags?post=1037"}],"curies":[{"name":"wp","href":"https:\/\/api.w.org\/{rel}","templated":true}]}}